{"id":73,"date":"2024-06-26T05:38:05","date_gmt":"2024-06-26T05:38:05","guid":{"rendered":"https:\/\/big-sis.ch\/?page_id=73"},"modified":"2024-09-06T19:09:00","modified_gmt":"2024-09-06T19:09:00","slug":"du-hast-eine-frage","status":"publish","type":"page","link":"https:\/\/big-sis.ch\/?page_id=73","title":{"rendered":"Du hast eine Frage?"},"content":{"rendered":"\n<p>Hey Sis<br>Ich bin f\u00fcr dich da! Du kannst mich alles fragen und ich versuche bestm\u00f6glich zu antworten. Die Antwort findest du in ein paar Tagen unter *neuste Fragen*.<br>Du kannst deine Frage in eine der Kategorien einteilen und Anmerkungen machen, wenn du etwas genauer beschreiben m\u00f6chtest. <\/p>\n\n\n\n\n<!-- User Submitted Posts @ https:\/\/m0n.co\/usp -->\n\n<div id=\"user-submitted-posts\">\n\t\t\n\t<form id=\"usp_form\" method=\"post\" enctype=\"multipart\/form-data\" action=\"\">\n\t\t<div id=\"usp-error-message\" class=\"usp-callout-failure usp-hidden\">Please complete the required fields.<\/div>\n\t\t\t\t\n\t\t<fieldset class=\"usp-title\">\n\t\t\t<label for=\"user-submitted-title\">Post Title<\/label>\n\t\t\t<input id=\"user-submitted-title\" name=\"user-submitted-title\" type=\"text\" value=\"\" placeholder=\"Post Title\" data-required=\"true\" required class=\"usp-input\">\n\t\t<\/fieldset>\n\t\t\t\t\n\t\t<fieldset class=\"usp-category\">\n\t\t\t<label for=\"user-submitted-category\">Post Category<\/label>\n\t\t\t<select id=\"user-submitted-category\" multiple=\"multiple\" class=\"usp-select usp-multiple\" name=\"user-submitted-category[]\">\n\t\t\t\t<option value=\"\" selected=\"true\" disabled>Please select a category..<\/option>\n\t\t\t\t<option value=\"11\" class=\"usp-cat-parent\">Beziehungen<\/option><option value=\"8\" class=\"usp-cat-parent\">Erstes Mal<\/option><option value=\"10\" class=\"usp-cat-parent\">Hygiene<\/option><option value=\"12\" class=\"usp-cat-parent\">K\u00f6rperliche Ver\u00e4nderung<\/option><option value=\"13\" class=\"usp-cat-parent\">LGBTQIA+<\/option><option value=\"7\" class=\"usp-cat-parent\">Menstruation<\/option><option value=\"1\" class=\"usp-cat-parent\">Ohne Kategorie<\/option><option value=\"9\" class=\"usp-cat-parent\">Sex<\/option><option value=\"6\" class=\"usp-cat-parent\">Verh\u00fctung<\/option>\t\t\t<\/select>\n\t\t<\/fieldset>\n\t\t\t\t\n\t\t<fieldset class=\"usp-content\">\n\t\t\t\t\t\t\t\n\t\t\t<label for=\"user-submitted-content\">Post Content<\/label>\n\t\t\t<textarea id=\"user-submitted-content\" name=\"user-submitted-content\" rows=\"5\" placeholder=\"Post Content\" data-required=\"true\" required class=\"usp-textarea\"><\/textarea>\n\t\t\t\t\t\t\n\t\t<\/fieldset>\n\t\t\t\t\n\t\t<fieldset id=\"usp_verify\" style=\"display:none;\">\n\t\t\t<label for=\"user-submitted-verify\">Human verification: leave this field empty.<\/label>\n\t\t\t<input id=\"user-submitted-verify\" name=\"user-submitted-verify\" type=\"text\" value=\"\" data-parsley-excluded=\"true\">\n\t\t<\/fieldset>\n\t\t\n\t\t\t\t\n\t\t<div id=\"usp-submit\">\n\t\t\t\t\t\t\t\t\t\t\t\t\t\t\t\t\t\t\n\t\t\t<input type=\"submit\" class=\"usp-submit\" id=\"user-submitted-post\" name=\"user-submitted-post\" value=\"Submit Post\">\n\t\t\t<input type=\"hidden\" id=\"usp-nonce\" name=\"usp-nonce\" value=\"b74e2ccc99\" \/>\t\t\t\n\t\t<\/div>\n\t\t\n\t<\/form>\n<\/div>\n<script>(function(){var e = document.getElementById('usp_verify'); if(e) e.parentNode.removeChild(e);})();<\/script>\n\n\n\n\n\n<h3 class=\"wp-block-heading has-text-align-center\">Wichtig:<\/h3>\n\n\n\n<p>Ich bin keine medizinische Expertin. Die Informationen auf dieser Webseite basieren auf meiner pers\u00f6nlichen Recherche und sind allgemeiner Natur. F\u00fcr professionelle medizinische Beratung oder Behandlung wende dich bitte an eine \u00c4rztin oder einen Arzt.<\/p>\n\n\n\n<div style=\"height:31px\" aria-hidden=\"true\" class=\"wp-block-spacer\"><\/div>\n\n\n\n<h2 class=\"wp-block-heading has-text-align-center has-medium-font-size\">Hier kannst du alles zum Datenschutz erfahren! <\/h2>\n\n\n\n<div class=\"wp-block-buttons is-content-justification-center is-layout-flex wp-container-core-buttons-is-layout-a89b3969 wp-block-buttons-is-layout-flex\">\n<div class=\"wp-block-button\"><a class=\"wp-block-button__link wp-element-button\" href=\"https:\/\/big-sis.ch\/?page_id=3\">Datenschutz<\/a><\/div>\n<\/div>\n\n\n\n<figure class=\"wp-block-image aligncenter size-large is-resized\"><img loading=\"lazy\" decoding=\"async\" width=\"1024\" height=\"861\" src=\"https:\/\/big-sis.ch\/wp-content\/uploads\/2024\/06\/undraw_confidential_letter-1024x861.png\" alt=\"\" class=\"wp-image-273\" style=\"width:374px;height:auto\" srcset=\"https:\/\/big-sis.ch\/wp-content\/uploads\/2024\/06\/undraw_confidential_letter-1024x861.png 1024w, https:\/\/big-sis.ch\/wp-content\/uploads\/2024\/06\/undraw_confidential_letter-300x252.png 300w, https:\/\/big-sis.ch\/wp-content\/uploads\/2024\/06\/undraw_confidential_letter-768x646.png 768w, https:\/\/big-sis.ch\/wp-content\/uploads\/2024\/06\/undraw_confidential_letter.png 1392w\" sizes=\"auto, (max-width: 1024px) 100vw, 1024px\" \/><\/figure>\n\n\n\n<div style=\"height:127px\" aria-hidden=\"true\" class=\"wp-block-spacer\"><\/div>\n\n\n\n<p class=\"has-text-align-center\">Hier kannst du dir bereits Beantwortete fragen durchschauen:<\/p>\n\n\n\n<div class=\"wp-block-buttons is-content-justification-center is-layout-flex wp-container-core-buttons-is-layout-a89b3969 wp-block-buttons-is-layout-flex\">\n<div class=\"wp-block-button\"><a class=\"wp-block-button__link wp-element-button\" href=\"https:\/\/big-sis.ch\/?page_id=158\">Beantwortete Fragen<\/a><\/div>\n<\/div>\n\n\n\n<p><\/p>\n","protected":false},"excerpt":{"rendered":"<p>Hey SisIch bin f\u00fcr dich da! Du kannst mich alles fragen und ich versuche bestm\u00f6glich zu antworten. Die Antwort findest du in ein paar Tagen unter *neuste Fragen*.Du kannst deine Frage in eine der Kategorien einteilen und Anmerkungen machen, wenn du etwas genauer beschreiben m\u00f6chtest. Wichtig: Ich bin keine medizinische Expertin. Die Informationen auf dieser [&hellip;]<\/p>\n","protected":false},"author":1,"featured_media":0,"parent":0,"menu_order":0,"comment_status":"closed","ping_status":"closed","template":"","meta":{"footnotes":""},"class_list":["post-73","page","type-page","status-publish","hentry"],"_links":{"self":[{"href":"https:\/\/big-sis.ch\/index.php?rest_route=\/wp\/v2\/pages\/73","targetHints":{"allow":["GET"]}}],"collection":[{"href":"https:\/\/big-sis.ch\/index.php?rest_route=\/wp\/v2\/pages"}],"about":[{"href":"https:\/\/big-sis.ch\/index.php?rest_route=\/wp\/v2\/types\/page"}],"author":[{"embeddable":true,"href":"https:\/\/big-sis.ch\/index.php?rest_route=\/wp\/v2\/users\/1"}],"replies":[{"embeddable":true,"href":"https:\/\/big-sis.ch\/index.php?rest_route=%2Fwp%2Fv2%2Fcomments&post=73"}],"version-history":[{"count":10,"href":"https:\/\/big-sis.ch\/index.php?rest_route=\/wp\/v2\/pages\/73\/revisions"}],"predecessor-version":[{"id":526,"href":"https:\/\/big-sis.ch\/index.php?rest_route=\/wp\/v2\/pages\/73\/revisions\/526"}],"wp:attachment":[{"href":"https:\/\/big-sis.ch\/index.php?rest_route=%2Fwp%2Fv2%2Fmedia&parent=73"}],"curies":[{"name":"wp","href":"https:\/\/api.w.org\/{rel}","templated":true}]}}