{"id":29,"date":"2024-06-20T18:16:43","date_gmt":"2024-06-20T18:16:43","guid":{"rendered":"https:\/\/big-sis.ch\/?page_id=29"},"modified":"2024-12-04T07:59:12","modified_gmt":"2024-12-04T07:59:12","slug":"ueber-mich","status":"publish","type":"page","link":"https:\/\/big-sis.ch\/?page_id=29","title":{"rendered":"\u00fcber mich"},"content":{"rendered":"\n<div class=\"wp-block-group alignwide has-global-padding is-layout-constrained wp-block-group-is-layout-constrained\" style=\"margin-top:0;margin-bottom:0;padding-top:var(--wp--preset--spacing--40);padding-bottom:var(--wp--preset--spacing--40)\">\n<div class=\"wp-block-columns alignwide is-layout-flex wp-container-core-columns-is-layout-7e464bea wp-block-columns-is-layout-flex\">\n<div class=\"wp-block-column is-layout-flow wp-block-column-is-layout-flow\" style=\"flex-basis:10%\"><\/div>\n\n\n\n<div class=\"wp-block-column is-layout-flow wp-block-column-is-layout-flow\" style=\"flex-basis:60%\">\n<article class=\"wp-block-group is-vertical is-content-justification-stretch is-layout-flex wp-container-core-group-is-layout-353c4f5a wp-block-group-is-layout-flex\">\n<div style=\"height:83px\" aria-hidden=\"true\" class=\"wp-block-spacer wp-container-content-9b5d554a\"><\/div>\n\n\n<h2 class=\"wp-block-post-title has-large-font-size\"><a href=\"https:\/\/big-sis.ch\/?page_id=29\" target=\"_self\" >\u00fcber mich<\/a><\/h2>\n\n\n<p>Hey Sis, ich bin 18 Jahre alt und besuche gerade das Gymnasium. Im Rahmen meiner Maturaarbeit f\u00fchre ich das Projekt <em>Big Sis<\/em> durch. Ich bin wie du, wir haben alle Probleme und brauchen jemanden an den wir uns richten k\u00f6nnen. Ich bin da f\u00fcr dich, du kannst mich alles fragen und ich versuche so gut wie m\u00f6glich zu antworten!<\/p>\n\n\n\n<p>Ich habe mich schon immer f\u00fcr alle Themen rund um Liebe, Sex, Verh\u00fctung und was sonnst noch alles dazugeh\u00f6rt interessiert. Ich wollte informiert sein, habe viele B\u00fccher dazu gelesen, online Beitr\u00e4ge verschlungen und Podcasts geh\u00f6rt. Auch habe ich selbst viele Erfahrungen gesammelt und teile diese gerne mit dir. <br><br><\/p>\n<\/article>\n\n\n\n<h3 class=\"wp-block-heading has-text-align-center has-x-large-font-size\">Wichtig:<\/h3>\n\n\n\n<div class=\"wp-block-group is-content-justification-left is-layout-flex wp-container-core-group-is-layout-bc8e6f51 wp-block-group-is-layout-flex\">\n<p class=\"has-text-align-left\">Ich bin keine medizinische Expertin. Die Informationen auf dieser Webseite basieren auf meiner pers\u00f6nlichen Recherche und sind allgemeiner Natur. F\u00fcr professionelle medizinische Beratung oder Behandlung wende dich bitte an eine \u00c4rztin oder einen Arzt.<\/p>\n\n\n\n<div style=\"height:100px;width:0px\" aria-hidden=\"true\" class=\"wp-block-spacer wp-container-content-6388d5dc\"><\/div>\n<\/div>\n\n\n\n<div style=\"height:209px\" aria-hidden=\"true\" class=\"wp-block-spacer\"><\/div>\n\n\n\n<h2 class=\"wp-block-heading has-text-align-center has-large-font-size\">Datenschutz<\/h2>\n\n\n\n<div class=\"wp-block-buttons is-content-justification-center is-layout-flex wp-container-core-buttons-is-layout-a89b3969 wp-block-buttons-is-layout-flex\">\n<div class=\"wp-block-button\"><a class=\"wp-block-button__link has-text-align-center wp-element-button\" href=\"https:\/\/big-sis.ch\/?page_id=3\">Hier gehts zum Datenschutz<\/a><\/div>\n<\/div>\n<\/div>\n\n\n\n<div class=\"wp-block-column is-layout-flow wp-block-column-is-layout-flow\" style=\"flex-basis:10%\"><\/div>\n\n\n\n<div class=\"wp-block-column is-layout-flow wp-block-column-is-layout-flow\" style=\"flex-basis:30%\"><aside class=\"wp-block-template-part\">\n<div class=\"wp-block-group is-layout-flow wp-container-core-group-is-layout-0ba1ad86 wp-block-group-is-layout-flow\" style=\"padding-right:0;padding-left:0\">\n<div class=\"wp-block-group has-global-padding is-layout-constrained wp-block-group-is-layout-constrained\" style=\"margin-top:0;margin-bottom:0\">\n<div class=\"wp-block-group is-nowrap is-layout-flex wp-container-core-group-is-layout-6c531013 wp-block-group-is-layout-flex\">\n<figure class=\"wp-block-image size-large is-resized\"><img loading=\"lazy\" decoding=\"async\" width=\"814\" height=\"814\" src=\"https:\/\/big-sis.ch\/wp-content\/uploads\/2024\/06\/LogoMA-1-edited-2.png\" alt=\"\" class=\"wp-image-111\" style=\"width:87px;height:auto\" srcset=\"https:\/\/big-sis.ch\/wp-content\/uploads\/2024\/06\/LogoMA-1-edited-2.png 814w, https:\/\/big-sis.ch\/wp-content\/uploads\/2024\/06\/LogoMA-1-edited-2-300x300.png 300w, https:\/\/big-sis.ch\/wp-content\/uploads\/2024\/06\/LogoMA-1-edited-2-150x150.png 150w, https:\/\/big-sis.ch\/wp-content\/uploads\/2024\/06\/LogoMA-1-edited-2-768x768.png 768w\" sizes=\"auto, (max-width: 814px) 100vw, 814px\" \/><\/figure>\n<\/div>\n\n\n\n<div class=\"wp-block-group is-vertical is-layout-flex wp-container-core-group-is-layout-b2c973f4 wp-block-group-is-layout-flex\">\n<h2 class=\"wp-block-heading\" style=\"font-size:clamp(1.039rem, 1.039rem + ((1vw - 0.2rem) * 0.935), 1.6rem);\">\u00dcBER MICH<\/h2>\n\n\n\n<p>18 Jahre alt<br>bestens vertraut mit den Struggeln des Lebens \ud83d\ude09<\/p>\n<\/div>\n<\/div>\n\n\n\n<hr class=\"wp-block-separator has-text-color has-contrast-color has-alpha-channel-opacity has-contrast-background-color has-background is-style-wide\"\/>\n\n\n\n<div class=\"wp-block-group has-global-padding is-layout-constrained wp-container-core-group-is-layout-1e17d720 wp-block-group-is-layout-constrained\">\n<h2 class=\"wp-block-heading\" style=\"font-size:clamp(1.039rem, 1.039rem + ((1vw - 0.2rem) * 0.935), 1.6rem);\">POPUL\u00c4RE KATEGORIEN:<\/h2>\n\n\n<ul class=\"wp-block-categories-list wp-block-categories\">\t<li class=\"cat-item cat-item-11\"><a href=\"https:\/\/big-sis.ch\/?cat=11\">Beziehungen<\/a>\n<\/li>\n\t<li class=\"cat-item cat-item-8\"><a href=\"https:\/\/big-sis.ch\/?cat=8\">Erstes Mal<\/a>\n<\/li>\n\t<li class=\"cat-item cat-item-10\"><a href=\"https:\/\/big-sis.ch\/?cat=10\">Hygiene<\/a>\n<\/li>\n\t<li class=\"cat-item cat-item-12\"><a href=\"https:\/\/big-sis.ch\/?cat=12\">K\u00f6rperliche Ver\u00e4nderung<\/a>\n<\/li>\n\t<li class=\"cat-item cat-item-13\"><a href=\"https:\/\/big-sis.ch\/?cat=13\">LGBTQIA+<\/a>\n<\/li>\n\t<li class=\"cat-item cat-item-7\"><a href=\"https:\/\/big-sis.ch\/?cat=7\">Menstruation<\/a>\n<\/li>\n\t<li class=\"cat-item cat-item-9\"><a href=\"https:\/\/big-sis.ch\/?cat=9\">Sex<\/a>\n<\/li>\n\t<li class=\"cat-item cat-item-6\"><a href=\"https:\/\/big-sis.ch\/?cat=6\">Verh\u00fctung<\/a>\n<\/li>\n<\/ul><\/div>\n\n\n\n<hr class=\"wp-block-separator has-text-color has-contrast-color has-alpha-channel-opacity has-contrast-background-color has-background is-style-wide\"\/>\n\n\n\n<div class=\"wp-block-group has-global-padding is-layout-constrained wp-container-core-group-is-layout-5ad7779d wp-block-group-is-layout-constrained\">\n<div class=\"wp-block-group is-vertical is-layout-flex wp-container-core-group-is-layout-b2c973f4 wp-block-group-is-layout-flex\">\n<h2 class=\"wp-block-heading\" style=\"font-size:clamp(1.039rem, 1.039rem + ((1vw - 0.2rem) * 0.935), 1.6rem);\">andere coole webseiten<\/h2>\n\n\n\n<p class=\"has-small-font-size\">M\u00f6chtest du dich weiter informieren? <\/p>\n\n\n\n<p><a href=\"http:\/\/www.bernergesundheit.ch\" target=\"_blank\" rel=\"noreferrer noopener\">www.bernergesundheit.ch<\/a><\/p>\n\n\n\n<p><a href=\"https:\/\/www.lilli.ch\" target=\"_blank\" rel=\"noreferrer noopener\">www.lilli.ch<\/a><\/p>\n\n\n\n<p><a href=\"https:\/\/www.abq.ch\" target=\"_blank\" rel=\"noreferrer noopener\">www.abq.ch<\/a><\/p>\n\n\n\n<p><a href=\"https:\/\/www.sexuelle-gesundheit.ch\/\" target=\"_blank\" rel=\"noreferrer noopener nofollow\">www.sexuelle-gesundheit.ch<\/a><\/p>\n\n\n\n<p><a href=\"https:\/\/www.lustundfrust.ch\/jugendliche\/mein-koerper\/maedchen\/zeitlicher-ablauf-der-entwicklung\">www.<\/a><a href=\"http:\/\/www.lustundfrust.ch\" target=\"_blank\" rel=\"noreferrer noopener\">lustundfrus<\/a><a href=\"https:\/\/www.lustundfrust.ch\/jugendliche\/mein-koerper\/maedchen\/zeitlicher-ablauf-der-entwicklung\" target=\"_blank\" rel=\"noreferrer noopener\">t<\/a><a href=\"https:\/\/www.lustundfrust.ch\/jugendliche\/mein-koerper\/maedchen\/zeitlicher-ablauf-der-entwicklung\" target=\"_blank\" rel=\"noreferrer noopener\">.ch<\/a><\/p>\n\n\n\n<p><a href=\"https:\/\/www.wie-gehts-dir.ch\/adressen-und-angebote\/ich-suche-unterstuetzung\" target=\"_blank\" rel=\"noreferrer noopener\">www.wie-gehts-dir.ch<\/a><\/p>\n\n\n\n<p><a href=\"https:\/\/www.frauenberatung.ch\" target=\"_blank\" rel=\"noreferrer noopener\">www.frauenberatung.ch<\/a><\/p>\n\n\n\n<p><a href=\"https:\/\/www.opferhilfe-schweiz.ch\/de\/ich-bin-opfer-von\/sexuellegewalt\" target=\"_blank\" rel=\"noreferrer noopener\">www.opferhilfe-schweiz.ch<\/a><\/p>\n<\/div>\n<\/div>\n\n\n\n<hr class=\"wp-block-separator has-text-color has-contrast-color has-alpha-channel-opacity has-contrast-background-color has-background is-style-wide\"\/>\n\n\n\n<div class=\"wp-block-group is-vertical is-content-justification-stretch is-layout-flex wp-container-core-group-is-layout-38a18bb4 wp-block-group-is-layout-flex\">\n<h2 class=\"wp-block-heading\" style=\"font-size:clamp(1.039rem, 1.039rem + ((1vw - 0.2rem) * 0.935), 1.6rem);\">Suche nach inhalten<\/h2>\n\n\n<form role=\"search\" method=\"get\" action=\"https:\/\/big-sis.ch\/\" class=\"wp-block-search__button-outside wp-block-search__text-button wp-block-search\"    ><label class=\"wp-block-search__label screen-reader-text\" for=\"wp-block-search__input-1\" >Search<\/label><div class=\"wp-block-search__inside-wrapper\"  style=\"width: 100%\"><input class=\"wp-block-search__input\" id=\"wp-block-search__input-1\" placeholder=\"Stichwort...\" value=\"\" type=\"search\" name=\"s\" required \/><button aria-label=\"Suchen\" class=\"wp-block-search__button wp-element-button\" type=\"submit\" >Suchen<\/button><\/div><\/form><\/div>\n\n\n\n<div style=\"height:var(--wp--preset--spacing--10)\" aria-hidden=\"true\" class=\"wp-block-spacer\"><\/div>\n<\/div>\n<\/aside><\/div>\n\n\n\n<div class=\"wp-block-column is-layout-flow wp-block-column-is-layout-flow\" style=\"flex-basis:10%\"><\/div>\n<\/div>\n<\/div>\n\n\n\n<p><\/p>\n","protected":false},"excerpt":{"rendered":"<p>Hey Sis, ich bin 18 Jahre alt und besuche gerade das Gymnasium. Im Rahmen meiner Maturaarbeit f\u00fchre ich das Projekt Big Sis durch. Ich bin wie du, wir haben alle Probleme und brauchen jemanden an den wir uns richten k\u00f6nnen. Ich bin da f\u00fcr dich, du kannst mich alles fragen und ich versuche so gut [&hellip;]<\/p>\n","protected":false},"author":1,"featured_media":0,"parent":0,"menu_order":0,"comment_status":"closed","ping_status":"closed","template":"","meta":{"footnotes":""},"class_list":["post-29","page","type-page","status-publish","hentry"],"_links":{"self":[{"href":"https:\/\/big-sis.ch\/index.php?rest_route=\/wp\/v2\/pages\/29","targetHints":{"allow":["GET"]}}],"collection":[{"href":"https:\/\/big-sis.ch\/index.php?rest_route=\/wp\/v2\/pages"}],"about":[{"href":"https:\/\/big-sis.ch\/index.php?rest_route=\/wp\/v2\/types\/page"}],"author":[{"embeddable":true,"href":"https:\/\/big-sis.ch\/index.php?rest_route=\/wp\/v2\/users\/1"}],"replies":[{"embeddable":true,"href":"https:\/\/big-sis.ch\/index.php?rest_route=%2Fwp%2Fv2%2Fcomments&post=29"}],"version-history":[{"count":18,"href":"https:\/\/big-sis.ch\/index.php?rest_route=\/wp\/v2\/pages\/29\/revisions"}],"predecessor-version":[{"id":550,"href":"https:\/\/big-sis.ch\/index.php?rest_route=\/wp\/v2\/pages\/29\/revisions\/550"}],"wp:attachment":[{"href":"https:\/\/big-sis.ch\/index.php?rest_route=%2Fwp%2Fv2%2Fmedia&parent=29"}],"curies":[{"name":"wp","href":"https:\/\/api.w.org\/{rel}","templated":true}]}}